{"id":191,"date":"2017-09-06T10:43:45","date_gmt":"2017-09-06T10:43:45","guid":{"rendered":"https:\/\/soul-creations.de\/?page_id=191"},"modified":"2021-01-19T14:55:53","modified_gmt":"2021-01-19T14:55:53","slug":"adult","status":"publish","type":"page","link":"https:\/\/wacky-worse-workshop.de\/?page_id=191","title":{"rendered":"Adult\/\u00dc18"},"content":{"rendered":"<h1 style=\"text-align: center;\">Adult Fursuits, Pl\u00fcschies und mehr<\/h1>\n<h3 style=\"text-align: center;\">&#8222;Murrsuit&#8220; Upgrade f\u00fcr Bodys<\/h3>\n<p style=\"text-align: center;\">(zuz\u00fcglich zum Basispreis)<\/p>\n\n<table id=\"tablepress-11\" class=\"tablepress tablepress-id-11\">\n<thead>\n<tr class=\"row-1\">\n\t<td class=\"column-1\"><\/td><td class=\"column-2\"><\/td><th class=\"column-3\">Preis<\/th>\n<\/tr>\n<\/thead>\n<tbody class=\"row-striping row-hover\">\n<tr class=\"row-2\">\n\t<td class=\"column-1\">Basic<\/td><td class=\"column-2\">Zipper im Schritt<\/td><td class=\"column-3\">+50\u20ac<\/td>\n<\/tr>\n<tr class=\"row-3\">\n\t<td class=\"column-1\">Female Parts<\/td><td class=\"column-2\">Schamlippen aus Minky mit \u00d6ffnung Nutzbar<\/td><td class=\"column-3\">+100\u20ac<\/td>\n<\/tr>\n<tr class=\"row-4\">\n\t<td class=\"column-1\"><\/td><td class=\"column-2\">Schamlippen aus Minky <br \/>\nFake als Ad-On mit Magneten f\u00fcr Fotos<\/td><td class=\"column-3\">+150\u20ac<\/td>\n<\/tr>\n<tr class=\"row-5\">\n\t<td class=\"column-1\"><\/td><td class=\"column-2\">Br\u00fcste<\/td><td class=\"column-3\">+200\u20ac<\/td>\n<\/tr>\n<tr class=\"row-6\">\n\t<td class=\"column-1\">Male Parts<\/td><td class=\"column-2\">Felltasche und B\u00e4llchen nutzbar<\/td><td class=\"column-3\">+150\u20ac<\/td>\n<\/tr>\n<tr class=\"row-7\">\n\t<td class=\"column-1\"><\/td><td class=\"column-2\">FAKE Felltasche und B\u00e4llchen (Fake als Ad-On mit Magneten f\u00fcr Fotos)<br \/>\n+Penisspitze  (aus Minky zum tauschen)<br \/>\n+kompletter Penis   (aus Minky zum tauschen)<\/td><td class=\"column-3\">200\u20ac<br \/>\n+10-20\u20ac<br \/>\n+50-100\u20ac<\/td>\n<\/tr>\n<tr class=\"row-8\">\n\t<td class=\"column-1\">Kuh-Euter<\/td><td class=\"column-2\">eingen\u00e4ht am Fursuit<\/td><td class=\"column-3\">+130\u20ac<\/td>\n<\/tr>\n<tr class=\"row-9\">\n\t<td class=\"column-1\"><\/td><td class=\"column-2\">zum anziehen mit Gummiband<\/td><td class=\"column-3\">+150\u20ac<\/td>\n<\/tr>\n<tr class=\"row-10\">\n\t<td class=\"column-1\"><\/td><td class=\"column-2\">zum umschnallen mit Gurtband<br \/>\nPlastikschnallen<br \/>\nMetallschnallen<\/td><td class=\"column-3\">170\u20ac<br \/>\n200\u20ac<\/td>\n<\/tr>\n<\/tbody>\n<\/table>\n<!-- #tablepress-11 from cache -->\n<h3 style=\"text-align: center;\">Upgrade f\u00fcr Pl\u00fcschies<\/h3>\n<p><strong>Adult Pl\u00fcschies (erst ab einer bestimmten Gr\u00f6\u00dfe m\u00f6glich):<\/strong><br \/>\n<strong> Feral erst ab 60cm<\/strong><br \/>\n<strong> Anthro erst ab 80cm<\/strong><\/p>\n<p>Basispreis bitte bei den normalen Pl\u00fcschtierpreisen ermitteln!<\/p>\n\n<table id=\"tablepress-13\" class=\"tablepress tablepress-id-13\">\n<thead>\n<tr class=\"row-1\">\n\t<th class=\"column-1\">Extra<\/th><th class=\"column-2\">Preis<\/th>\n<\/tr>\n<\/thead>\n<tbody class=\"row-striping row-hover\">\n<tr class=\"row-2\">\n\t<td class=\"column-1\">SPH(Liebesloch aus Minky oder Kunstleder) :<br \/>\n<br \/>\n-Hintern mit Textur innen<br \/>\n-Dogina mit Textur innen<br \/>\n-Vagina mit Schamlippen und Textur innen<\/td><td class=\"column-2\">50\u20ac<br \/>\n80\u20ac<br \/>\n100\u20ac<\/td>\n<\/tr>\n<tr class=\"row-3\">\n\t<td class=\"column-1\">Schaft\/Slit und B\u00e4llchen<br \/>\n+Penis<\/td><td class=\"column-2\">100\u20ac<br \/>\n+50-100\u20ac<\/td>\n<\/tr>\n<tr class=\"row-4\">\n\t<td class=\"column-1\">Milchleiste (kleine Zitzen) aus Minky\/Kunstleder<\/td><td class=\"column-2\">ab 50\u20ac<\/td>\n<\/tr>\n<tr class=\"row-5\">\n\t<td class=\"column-1\">Br\u00fcste je Brustpaar <\/td><td class=\"column-2\">ab 150\u20ac<\/td>\n<\/tr>\n<\/tbody>\n<\/table>\n<!-- #tablepress-13 from cache -->\n<h3 style=\"text-align: center;\">Fellboxershort<\/h3>\n\n<table id=\"tablepress-15\" class=\"tablepress tablepress-id-15 tbody-has-connected-cells\">\n<thead>\n<tr class=\"row-1\">\n\t<th class=\"column-1\">Art<\/th><th class=\"column-2\">Preis<\/th><td class=\"column-3\"><\/td>\n<\/tr>\n<\/thead>\n<tbody class=\"row-striping row-hover\">\n<tr class=\"row-2\">\n\t<td colspan=\"3\" class=\"column-1\">Ausstattung: komplett mit Lycra innen und Gummiband an der H\u00fcfte, bis zu 3 Fellfarben(mehr kosten Aufpreis)<\/td>\n<\/tr>\n<tr class=\"row-3\">\n\t<td class=\"column-1\">Fellboxer Female <\/td><td class=\"column-2\">Basic (2 L\u00f6cher im Schritt oder Zipper komplett)<\/td><td class=\"column-3\">100\u20ac<\/td>\n<\/tr>\n<tr class=\"row-4\">\n\t<td class=\"column-1\"><\/td><td class=\"column-2\">Deluxe (Schamlippen aus Minky mit \u00d6ffnung und Loch hinten)<\/td><td class=\"column-3\">200\u20ac<\/td>\n<\/tr>\n<tr class=\"row-5\">\n\t<td class=\"column-1\">Fellboxer Male<\/td><td class=\"column-2\">Basic (nutzbare Felltasche mit Fake-B\u00e4llchen und Loch am Hintern)<\/td><td class=\"column-3\">200\u20ac<\/td>\n<\/tr>\n<tr class=\"row-6\">\n\t<td class=\"column-1\"><\/td><td class=\"column-2\">Deluxe (mit zus\u00e4tzlichem Penis\/Spitze aus Minky gen\u00e4ht f\u00fcr Fotos)<br \/>\n-Spitze <br \/>\n-ganzer Penis<\/td><td class=\"column-3\">200\u20ac<br \/>\n+10-20\u20ac<br \/>\n+50-100\u20ac<\/td>\n<\/tr>\n<tr class=\"row-7\">\n\t<td class=\"column-1\">kleiner Tail an der Fellboxer<\/td><td class=\"column-2\">h\u00e4ngt einfach runter<\/td><td class=\"column-3\">+30\u20ac<\/td>\n<\/tr>\n<\/tbody>\n<\/table>\n<!-- #tablepress-15 from cache -->\n","protected":false},"excerpt":{"rendered":"<p>Adult Fursuits, Pl\u00fcschies und mehr &#8222;Murrsuit&#8220; Upgrade f\u00fcr Bodys (zuz\u00fcglich zum Basispreis) Upgrade f\u00fcr Pl\u00fcschies Adult Pl\u00fcschies (erst ab einer bestimmten Gr\u00f6\u00dfe m\u00f6glich): Feral erst ab 60cm Anthro erst ab 80cm Basispreis bitte bei den normalen Pl\u00fcschtierpreisen ermitteln! Fellboxershort<\/p>\n","protected":false},"author":1,"featured_media":0,"parent":0,"menu_order":3,"comment_status":"closed","ping_status":"closed","template":"","meta":{"footnotes":""},"class_list":["post-191","page","type-page","status-publish","hentry"],"_links":{"self":[{"href":"https:\/\/wacky-worse-workshop.de\/index.php?rest_route=\/wp\/v2\/pages\/191","targetHints":{"allow":["GET"]}}],"collection":[{"href":"https:\/\/wacky-worse-workshop.de\/index.php?rest_route=\/wp\/v2\/pages"}],"about":[{"href":"https:\/\/wacky-worse-workshop.de\/index.php?rest_route=\/wp\/v2\/types\/page"}],"author":[{"embeddable":true,"href":"https:\/\/wacky-worse-workshop.de\/index.php?rest_route=\/wp\/v2\/users\/1"}],"replies":[{"embeddable":true,"href":"https:\/\/wacky-worse-workshop.de\/index.php?rest_route=%2Fwp%2Fv2%2Fcomments&post=191"}],"version-history":[{"count":9,"href":"https:\/\/wacky-worse-workshop.de\/index.php?rest_route=\/wp\/v2\/pages\/191\/revisions"}],"predecessor-version":[{"id":522,"href":"https:\/\/wacky-worse-workshop.de\/index.php?rest_route=\/wp\/v2\/pages\/191\/revisions\/522"}],"wp:attachment":[{"href":"https:\/\/wacky-worse-workshop.de\/index.php?rest_route=%2Fwp%2Fv2%2Fmedia&parent=191"}],"curies":[{"name":"wp","href":"https:\/\/api.w.org\/{rel}","templated":true}]}}