{"id":28,"date":"2017-09-05T17:54:26","date_gmt":"2017-09-05T17:54:26","guid":{"rendered":"https:\/\/soul-creations.de\/?page_id=28"},"modified":"2022-11-18T14:00:07","modified_gmt":"2022-11-18T14:00:07","slug":"fursuits","status":"publish","type":"page","link":"https:\/\/wacky-worse-workshop.de\/?page_id=28","title":{"rendered":"Alle Preise sind START-Preise! Der entg\u00fcltige Preis h\u00e4ngt von der Komplexit\u00e4t des Characters ab!"},"content":{"rendered":"\n<table id=\"tablepress-1\" class=\"tablepress tablepress-id-1 tbody-has-connected-cells\">\n<thead>\n<tr class=\"row-1\">\n\t<th colspan=\"3\" class=\"column-1\"><center>Fursuit Preise<\/center><\/th>\n<\/tr>\n<\/thead>\n<tbody class=\"row-striping row-hover\">\n<tr class=\"row-2\">\n\t<td class=\"column-1\"><center>Partial (Kopf,H\u00e4nde,F\u00fc\u00dfe,Tail)<\/center><\/td><td class=\"column-2\"><\/td><td class=\"column-3\">2200\u20ac<\/td>\n<\/tr>\n<tr class=\"row-3\">\n\t<td rowspan=\"2\" class=\"column-1\"><center>3\/4 Partial  (Kopf,H\u00e4nde,F\u00fc\u00dfe,Tail Armstulpen, Beinhose)<\/center><\/td><td class=\"column-2\">Plantigrade(gerade Beine)<\/td><td class=\"column-3\">2500\u20ac<\/td>\n<\/tr>\n<tr class=\"row-4\">\n\t<td class=\"column-2\">Digitigrade (tier\u00e4hnliche Beine)<\/td><td class=\"column-3\">2800\u20ac<\/td>\n<\/tr>\n<tr class=\"row-5\">\n\t<td rowspan=\"2\" class=\"column-1\"><center>Fullsuit <\/center><\/td><td class=\"column-2\">Plantigrade(gerade Beine)<\/td><td class=\"column-3\">3200\u20ac<\/td>\n<\/tr>\n<tr class=\"row-6\">\n\t<td class=\"column-2\">Digitigrade (tier\u00e4hnliche Beine)<\/td><td class=\"column-3\">3700\u20ac<\/td>\n<\/tr>\n<tr class=\"row-7\">\n\t<td class=\"column-1\">Kopf<\/td><td class=\"column-2\">toony oder semi-realistisch<\/td><td class=\"column-3\">ab 1500\u20ac<\/td>\n<\/tr>\n<tr class=\"row-8\">\n\t<td rowspan=\"2\" class=\"column-1\"><center>Body (ohne Tail)<\/center><\/td><td class=\"column-2\">Plantigrade(gerade Beine)<\/td><td class=\"column-3\">1000\u20ac<\/td>\n<\/tr>\n<tr class=\"row-9\">\n\t<td class=\"column-2\">Digitigrade (tier\u00e4hnliche Beine)<\/td><td class=\"column-3\">1500\u20ac<\/td>\n<\/tr>\n<tr class=\"row-10\">\n\t<td rowspan=\"2\" class=\"column-1\"><center>Tails<\/center><\/td><td class=\"column-2\">Normal<\/td><td class=\"column-3\">100\u20ac<\/td>\n<\/tr>\n<tr class=\"row-11\">\n\t<td class=\"column-2\">XL ( L\u00e4nge >1m)<\/td><td class=\"column-3\">250\u20ac<\/td>\n<\/tr>\n<tr class=\"row-12\">\n\t<td class=\"column-1\"><\/td><td class=\"column-2\">Floordragger(Angel Dragons etc)<\/td><td class=\"column-3\">350\u20ac<\/td>\n<\/tr>\n<tr class=\"row-13\">\n\t<td class=\"column-1\"><\/td><td class=\"column-2\">King Size (Wie ein GRO\u00dfES Daki Kissen 1,6m)<\/td><td class=\"column-3\">500\u20ac<\/td>\n<\/tr>\n<tr class=\"row-14\">\n\t<td class=\"column-1\">Handpfoten<\/td><td class=\"column-2\">flache Ballen<\/td><td class=\"column-3\">300\u20ac<\/td>\n<\/tr>\n<tr class=\"row-15\">\n\t<td class=\"column-1\"><\/td><td class=\"column-2\">Puffy Ballen(nur toony)<\/td><td class=\"column-3\">400\u20ac<\/td>\n<\/tr>\n<tr class=\"row-16\">\n\t<td class=\"column-1\"><\/td><td class=\"column-2\">Plushie mit Puffy Ballen(keine einzelnen Finger)<\/td><td class=\"column-3\">450\u20ac<\/td>\n<\/tr>\n<tr class=\"row-17\">\n\t<td class=\"column-1\">Fu\u00dfpfoten<\/td><td class=\"column-2\">outdoor mit Sohle (Neoprenschuhe oder gen\u00e4hte schuhe integriert)<\/td><td class=\"column-3\">Normal 300\u20ac <br \/>\nStompy 400\u20ac<br \/>\nNeoprenboots +50\u20ac<\/td>\n<\/tr>\n<tr class=\"row-18\">\n\t<td class=\"column-1\"><\/td><td class=\"column-2\">indoor\/Sockpaws (komplett vern\u00e4ht) flache Ballen<\/td><td class=\"column-3\">Normal 350\u20ac<br \/>\nStompy-Digi 400\u20ac<\/td>\n<\/tr>\n<tr class=\"row-19\">\n\t<td class=\"column-1\"><\/td><td class=\"column-2\">indoor\/Sockpaws (komplett vern\u00e4ht) Puffy Ballen<\/td><td class=\"column-3\">Normal 450\u20ac<br \/>\nStompy-Digi 500\u20ac<\/td>\n<\/tr>\n<\/tbody>\n<\/table>\n<!-- #tablepress-1 from cache -->\n\n\n\n<h1 class=\"wp-block-heading\">Ausstattung<\/h1>\n\n\n\n<table id=\"tablepress-3\" class=\"tablepress tablepress-id-3 tbody-has-connected-cells\">\n<thead>\n<tr class=\"row-1\">\n\t<th colspan=\"3\" class=\"column-1\"><center><strong>Ausstattung<\/strong><\/center><\/th>\n<\/tr>\n<\/thead>\n<tbody class=\"row-striping row-hover\">\n<tr class=\"row-2\">\n\t<td class=\"column-1\"><\/td><td class=\"column-2\"><center>Toony<\/center><\/td><td class=\"column-3\"><center>Semi-realistisch<\/center><\/td>\n<\/tr>\n<tr class=\"row-3\">\n\t<td class=\"column-1\">Kopf<\/td><td class=\"column-2\">Schaumstoffbase, starrer Kiefer f\u00fcr bessere Mimik, Z\u00e4hne aus Kunstleder und Zunge aus Minky, leichte Fellfrisur, Nase aus Minky oder Kunstleder,2D oder 3D Augen \"Follow me\" toonig, 3 Fellfarben<br \/>\nAusgekleidet mit Lycra<\/td><td class=\"column-3\">Schaumstoffbase, semi-beweglicher Kiefer, Z\u00e4hne aus Kunstleder und Zunge aus Minky, leichte Fellfrisur, Nase aus Plastik , 3D Glas-Augen, leichter Airbrush, 3 Fellfarben<br \/>\nAusgekleidet mit Lycra<\/td>\n<\/tr>\n<tr class=\"row-4\">\n\t<td class=\"column-1\">Body<\/td><td colspan=\"2\" class=\"column-2\"><center>Rei\u00dfverschluss vorne\/hinten , bis zu 3 Fellfarben (f\u00fcr Digilegs: Paddings aus Lycra zum rausnehmen) einfache Markings<\/center><\/td>\n<\/tr>\n<tr class=\"row-5\">\n\t<td class=\"column-1\">H\u00e4nde<\/td><td class=\"column-2\">Puffy Paws mit 4 oder 5 Fingern,Ballen aus Minky, Krallen aus Minky<br \/>\nAusgekleidet mit Lycra<\/td><td class=\"column-3\">Puffy Paws mit 4 oder 5 Fingern,Ballen aus Kunstleder,<br \/>\nKrallen aus Plastik<br \/>\nAusgekleidet mit Lycra<\/td>\n<\/tr>\n<tr class=\"row-6\">\n\t<td class=\"column-1\">F\u00fc\u00dfe<\/td><td class=\"column-2\">Krallen aus Minky, Neoprenschuhe oder Softshoes integriert, Gummisohle<br \/>\nAusgekleidet mit Lycra<\/td><td class=\"column-3\">Krallen aus Plastik, Neoprenschuhe oder Softshoes integriert, Gummisohle<br \/>\nAusgekleidet mit Lycra<\/td>\n<\/tr>\n<tr class=\"row-7\">\n\t<td class=\"column-1\">Tail<\/td><td colspan=\"2\" class=\"column-2\"><center>Sehr leicht mit 2 Schlaufen zur Befestigung an einem G\u00fcrtel. Herausnehmbarer  Kern bei gro\u00dfen Tails.<\/center><\/td>\n<\/tr>\n<\/tbody>\n<\/table>\n<!-- #tablepress-3 from cache -->\n\n\n\n<h1 class=\"wp-block-heading\">Extras<\/h1>\n\n\n\n<table id=\"tablepress-5\" class=\"tablepress tablepress-id-5\">\n<thead>\n<tr class=\"row-1\">\n\t<td class=\"column-1\"><\/td><th class=\"column-2\"><strong>Extras<\/strong><\/th><th class=\"column-3\"><strong>Preis<\/strong><\/th>\n<\/tr>\n<\/thead>\n<tbody class=\"row-striping row-hover\">\n<tr class=\"row-2\">\n\t<td class=\"column-1\">jede weitere Fellfarbe<\/td><td class=\"column-2\">auf Anfrage<\/td><td class=\"column-3\">100\u20ac<\/td>\n<\/tr>\n<tr class=\"row-3\">\n\t<td class=\"column-1\">Markings<\/td><td class=\"column-2\">einfache (maximum 5 einzelne)<\/td><td class=\"column-3\">100\u20ac<\/td>\n<\/tr>\n<tr class=\"row-4\">\n\t<td class=\"column-1\"><\/td><td class=\"column-2\">mittelschwer (mehrere dicke Streifen auf den R\u00fccken zb)<\/td><td class=\"column-3\">200\u20ac<\/td>\n<\/tr>\n<tr class=\"row-5\">\n\t<td class=\"column-1\"><\/td><td class=\"column-2\">komplex (filigrane tattoos, Tigerstreifen, Leopard,Gepard, Schneeleopard)<\/td><td class=\"column-3\">400\u20ac<\/td>\n<\/tr>\n<tr class=\"row-6\">\n\t<td class=\"column-1\">Wagging Tail Armatur<\/td><td class=\"column-2\">zubuchbar zu fast jedem Tail mit Gurtband um den Bauch<\/td><td class=\"column-3\">150\u20ac<\/td>\n<\/tr>\n<tr class=\"row-7\">\n\t<td class=\"column-1\">Magnetisches Zungen Set<\/td><td class=\"column-2\">3 Zungen (kurz,mittel und Lang), 3Magnete an  der Schnauze, Magnete in der Nase(falls m\u00f6glich)<\/td><td class=\"column-3\">50\u20ac<\/td>\n<\/tr>\n<tr class=\"row-8\">\n\t<td class=\"column-1\">Magnetisches Augenlider Set (nur  f\u00fcr toony)<\/td><td class=\"column-2\">2 Paar Augenlider (sleepy und angry, weitere auf Anfrage)<\/td><td class=\"column-3\">50\u20ac<\/td>\n<\/tr>\n<tr class=\"row-9\">\n\t<td class=\"column-1\">Magnetisches Augenbrauen Set (nur bei toony)<\/td><td class=\"column-2\">2 Paar Augenbrauen (sleepy, angry undbesorgt sind damit m\u00f6glich)<\/td><td class=\"column-3\">70\u20ac<\/td>\n<\/tr>\n<tr class=\"row-10\">\n\t<td class=\"column-1\">Haare<\/td><td class=\"column-2\">NFT oder aus Kunsthaaren gekn\u00fcpft<\/td><td class=\"column-3\">100\u20ac<\/td>\n<\/tr>\n<tr class=\"row-11\">\n\t<td class=\"column-1\">Br\u00fcste(female)<\/td><td class=\"column-2\">an den Body gen\u00e4ht<\/td><td class=\"column-3\">200\u20ac<\/td>\n<\/tr>\n<tr class=\"row-12\">\n\t<td class=\"column-1\">H\u00fcftpolster(female)<\/td><td class=\"column-2\">an den Body gen\u00e4ht<\/td><td class=\"column-3\">100\u20ac<\/td>\n<\/tr>\n<tr class=\"row-13\">\n\t<td class=\"column-1\">Muskeln(male)<\/td><td class=\"column-2\">Brust- und Bauchmuskeln an den Body gen\u00e4ht<\/td><td class=\"column-3\">300\u20ac<\/td>\n<\/tr>\n<tr class=\"row-14\">\n\t<td class=\"column-1\">Rush Slot ohne Deadline<\/td><td class=\"column-2\">du bist auf Platz 1 meiner Abarbeitungsliste<\/td><td class=\"column-3\">+ 500\u20ac<\/td>\n<\/tr>\n<tr class=\"row-15\">\n\t<td class=\"column-1\">Rush Slot mit Deadline<\/td><td class=\"column-2\">mindestens 2 Monate Fertigungsdauer, du bist auf Platz 1 und dein Fursuit ist garantiert bis zu einem abgemachten Datum fertig.<\/td><td class=\"column-3\">+ 800\u20ac<\/td>\n<\/tr>\n<tr class=\"row-16\">\n\t<td class=\"column-1\">Rush Slot Premium<\/td><td class=\"column-2\">Fertigungsdauer unter 2 Monate ( Materialien m\u00fcssen daf\u00fcr aber vorr\u00e4tig\/schnell erh\u00e4ltlich sein, keine Garantie bei  Lieferanten Problemen!)<br \/>\nFursuit muss vor Versand vollst\u00e4ndig bezahlt sein.<\/td><td class=\"column-3\">+1500\u20ac<\/td>\n<\/tr>\n<\/tbody>\n<\/table>\n<!-- #tablepress-5 from cache -->\n","protected":false},"excerpt":{"rendered":"<p>Ausstattung Extras<\/p>\n","protected":false},"author":1,"featured_media":0,"parent":0,"menu_order":1,"comment_status":"closed","ping_status":"closed","template":"","meta":{"footnotes":""},"class_list":["post-28","page","type-page","status-publish","hentry"],"_links":{"self":[{"href":"https:\/\/wacky-worse-workshop.de\/index.php?rest_route=\/wp\/v2\/pages\/28","targetHints":{"allow":["GET"]}}],"collection":[{"href":"https:\/\/wacky-worse-workshop.de\/index.php?rest_route=\/wp\/v2\/pages"}],"about":[{"href":"https:\/\/wacky-worse-workshop.de\/index.php?rest_route=\/wp\/v2\/types\/page"}],"author":[{"embeddable":true,"href":"https:\/\/wacky-worse-workshop.de\/index.php?rest_route=\/wp\/v2\/users\/1"}],"replies":[{"embeddable":true,"href":"https:\/\/wacky-worse-workshop.de\/index.php?rest_route=%2Fwp%2Fv2%2Fcomments&post=28"}],"version-history":[{"count":12,"href":"https:\/\/wacky-worse-workshop.de\/index.php?rest_route=\/wp\/v2\/pages\/28\/revisions"}],"predecessor-version":[{"id":602,"href":"https:\/\/wacky-worse-workshop.de\/index.php?rest_route=\/wp\/v2\/pages\/28\/revisions\/602"}],"wp:attachment":[{"href":"https:\/\/wacky-worse-workshop.de\/index.php?rest_route=%2Fwp%2Fv2%2Fmedia&parent=28"}],"curies":[{"name":"wp","href":"https:\/\/api.w.org\/{rel}","templated":true}]}}